{"id":15,"date":"2010-09-29T08:52:23","date_gmt":"2010-09-29T08:52:23","guid":{"rendered":"http:\/\/www.czechtrains.cz\/?page_id=15"},"modified":"2025-09-27T12:30:52","modified_gmt":"2025-09-27T10:30:52","slug":"stolni-kalendare","status":"publish","type":"page","link":"https:\/\/www.czechtrains.cz\/?page_id=15","title":{"rendered":"Stoln\u00ed kalend\u00e1\u0159"},"content":{"rendered":"<h3 align=\"CENTER\"><strong><span style=\"color: #ffff00;\"> Kalend\u00e1\u0159 stoln\u00ed 2026<\/span><\/strong><span style=\"text-decoration: underline;\"><span style=\"color: #999999; text-decoration: underline;\"><br \/><\/span><\/span><\/h3>\n<p style=\"text-align: center;\"><span style=\"color: #ffffff;\"><strong>TO NEJHEZ\u010c\u00cd Z \u010cESKO-SLOVENSK\u00c9 \u017dELEZNICE<\/strong><\/span><\/p>\n<p style=\"text-align: center;\"><span style=\"color: #00ff00;\">SKLADEM<\/span><\/p>\n<p style=\"text-align: center;\">Velikost 320&#215;150 (190 karton) mm<\/p>\n<p style=\"text-align: center;\">Mo\u017enost firemn\u00edho potisku 320&#215;40 mm<\/p>\n<p style=\"text-align: center;\">Photo \u00a9 Franti\u0161ek Stojaspal \u00a9 V\u00edt Blahovec \u00a9 Martin Mar\u010dan\u00edk \u00a9 Ji\u0159\u00ed Fi\u0161er \u00a9 Ji\u0159\u00ed Adolf<\/p>\n<p style=\"margin-bottom: 0cm;\" align=\"JUSTIFY\">\u00a0\u00a0 Obsahem fotografi\u00ed je \u010desk\u00e1 i slovensk\u00e1 \u017eelezni\u010dn\u00ed technika. Zv\u011bt\u0161en\u00e9 fotografie a zachov\u00e1n\u00ed velikosti prostoru pro pozn\u00e1mky \u010din\u00ed z kalend\u00e1\u0159e nepostradateln\u00fd kancel\u00e1\u0159sk\u00fd artikl. A\u0165 u\u017e jde o kancel\u00e1\u0159 nebo dom\u00e1cnost, stane se tento stoln\u00ed kalend\u00e1\u0159 jej\u00ed ned\u00edlnou sou\u010d\u00e1st\u00ed. Kalend\u00e1\u0159 sv\u00e9 prvenstv\u00ed obhajuje nezam\u011bniteln\u00fdm grafick\u00fdm n\u00e1vrhem, \u0161pi\u010dkov\u00fdm obrazov\u00fdm v\u00fdstupem a svoj\u00ed univerz\u00e1lnost\u00ed.<\/p>\n<p style=\"margin-bottom: 0cm;\" align=\"JUSTIFY\">\u00a0\u00a0 Form\u00e1t jednotliv\u00fdch list\u016f je 320&#215;150 mm. Obsahuje 29 list\u016f a stoj\u00e1nek ze skl\u00e1dan\u00e9ho kartonu velikosti <b>320&#215;190 mm<\/b>. Promy\u0161len\u00e9 kalend\u00e1rium je v nov\u011b pouze v \u010desk\u00e9m jazyce. T\u00e9matem fotografi\u00ed je elektrick\u00e1, motorov\u00e1 i tolik \u017e\u00e1dan\u00e1 parn\u00ed trakce. Obr\u00e1zky jsou na listu posazeny proti sob\u011b, co\u017e zabra\u0148uje propisov\u00e1n\u00ed tiska\u0159sk\u00e9ho barviva ze sn\u00edmk\u016f na dal\u0161\u00ed strany.<\/p>\n<p style=\"margin-bottom: 0cm; line-height: 0.35cm;\">Souhrn:<\/p>\n<ol>\n<li style=\"list-style-type: none;\">\n<ol>\n<li style=\"list-style-type: none;\">\n<ol>\n<li style=\"list-style-type: none;\">\n<ol>\n<li style=\"list-style-type: none;\">\n<ol>\n<li style=\"list-style-type: none;\">\n<ol>\n<li style=\"list-style-type: none;\">\n<ol>\n<li>\n<p style=\"margin-bottom: 0cm; line-height: 150%;\"><span style=\"color: #999999;\"><b>form\u00e1t list\u016f kalend\u00e1\u0159e 320&#215;150 mm<\/b><\/span><\/p>\n<\/li>\n<li>\n<p style=\"margin-bottom: 0cm; line-height: 150%;\"><span style=\"color: #999999;\"><b>form\u00e1t kartonu 320&#215;190 mm s mo\u017enost\u00ed potisku firemn\u00ed identity<\/b><\/span><\/p>\n<\/li>\n<li>\n<p style=\"margin-bottom: 0cm; line-height: 150%;\"><span style=\"color: #999999;\"><b>m\u011bs\u00edce, dny t\u00fddne v \u010de\u0161tin\u011b<br \/><\/b><\/span><\/p>\n<\/li>\n<li>\n<p style=\"margin-bottom: 0cm; line-height: 150%;\"><span style=\"color: #999999;\"><b>jmenn\u00fd seznam v \u010de\u0161tin\u011b<br \/><\/b><\/span><\/p>\n<\/li>\n<li>\n<p style=\"margin-bottom: 0cm; line-height: 150%;\"><span style=\"color: #999999;\"><b>sv\u00e1tky v \u010cR<\/b><\/span><\/p>\n<\/li>\n<li>\n<p style=\"margin-bottom: 0cm; line-height: 150%;\"><span style=\"color: #999999;\"><b>pracovn\u00ed kalend\u00e1\u0159 \u010desk\u00fd<br \/><\/b><\/span><\/p>\n<\/li>\n<li>\n<p style=\"margin-bottom: 0cm; line-height: 150%;\"><span style=\"color: #999999;\"><b>v\u011bt\u0161\u00ed obr\u00e1zky 125&#215;89 mm<\/b><\/span><\/p>\n<\/li>\n<li>\n<p style=\"margin-bottom: 0cm; line-height: 150%;\"><span style=\"color: #999999;\"><b>f\u00e1ze m\u011bs\u00edce, letn\u00ed\/zimn\u00ed \u010das, v\u00fdchod\/z\u00e1pad slunce\/m\u011bs\u00edce<\/b><\/span><\/p>\n<\/li>\n<li>\n<p style=\"margin-bottom: 0cm; line-height: 150%;\"><span style=\"color: #999999;\"><b>jednotliv\u00e9 f\u00e1ze zv\u011brokruhu a jejich po\u010d\u00e1tky<\/b><\/span><\/p>\n<\/li>\n<\/ol>\n<\/li>\n<\/ol>\n<\/li>\n<\/ol>\n<\/li>\n<\/ol>\n<\/li>\n<\/ol>\n<\/li>\n<\/ol>\n<\/li>\n<\/ol>\n<p>Pro va\u0161i p\u0159edstavu m\u016f\u017eete obsah kalend\u00e1\u0159e zhl\u00e9dnout n\u00ed\u017ee. Upozor\u0148uji v\u0161echny z\u00e1jemce, \u017ee kvalita vyobrazen\u00fdch vzor\u016f odpov\u00edd\u00e1 ilustra\u010dn\u00edmu charakteru. D\u011bkuji V\u00e1m za pochopen\u00ed. V p\u0159\u00edpad\u011b jak\u00fdchkoliv n\u00e1m\u011bt\u016f \u010di dotaz\u016f mne kontaktujte na e-mail ulrichz@seznam.cz.<\/p>\n<p style=\"text-align: center;\"><img loading=\"lazy\" decoding=\"async\" class=\"aligncenter size-thumbnail wp-image-11654\" src=\"http:\/\/www.czechtrains.cz\/wp-content\/uploads\/2025\/06\/STOLNI_2026_UvodniList_TITUL_-420x197.jpg\" alt=\"\" width=\"420\" height=\"197\" srcset=\"https:\/\/www.czechtrains.cz\/wp-content\/uploads\/2025\/06\/STOLNI_2026_UvodniList_TITUL_-420x197.jpg 420w, https:\/\/www.czechtrains.cz\/wp-content\/uploads\/2025\/06\/STOLNI_2026_UvodniList_TITUL_-744x349.jpg 744w, https:\/\/www.czechtrains.cz\/wp-content\/uploads\/2025\/06\/STOLNI_2026_UvodniList_TITUL_-1200x563.jpg 1200w, https:\/\/www.czechtrains.cz\/wp-content\/uploads\/2025\/06\/STOLNI_2026_UvodniList_TITUL_-768x360.jpg 768w, https:\/\/www.czechtrains.cz\/wp-content\/uploads\/2025\/06\/STOLNI_2026_UvodniList_TITUL_-990x464.jpg 990w, https:\/\/www.czechtrains.cz\/wp-content\/uploads\/2025\/06\/STOLNI_2026_UvodniList_TITUL_-600x281.jpg 600w, https:\/\/www.czechtrains.cz\/wp-content\/uploads\/2025\/06\/STOLNI_2026_UvodniList_TITUL_.jpg 1299w\" sizes=\"auto, (max-width: 420px) 100vw, 420px\" \/><\/p>\n<p style=\"text-align: center;\"><img loading=\"lazy\" decoding=\"async\" class=\"aligncenter size-thumbnail wp-image-11777\" src=\"http:\/\/www.czechtrains.cz\/wp-content\/uploads\/2025\/09\/STOLNI_2026_VnitrnilListy_ukazka_prodejci-7-420x195.jpg\" alt=\"\" width=\"420\" height=\"195\" srcset=\"https:\/\/www.czechtrains.cz\/wp-content\/uploads\/2025\/09\/STOLNI_2026_VnitrnilListy_ukazka_prodejci-7-420x195.jpg 420w, https:\/\/www.czechtrains.cz\/wp-content\/uploads\/2025\/09\/STOLNI_2026_VnitrnilListy_ukazka_prodejci-7-744x346.jpg 744w, https:\/\/www.czechtrains.cz\/wp-content\/uploads\/2025\/09\/STOLNI_2026_VnitrnilListy_ukazka_prodejci-7-1200x558.jpg 1200w, https:\/\/www.czechtrains.cz\/wp-content\/uploads\/2025\/09\/STOLNI_2026_VnitrnilListy_ukazka_prodejci-7-768x357.jpg 768w, https:\/\/www.czechtrains.cz\/wp-content\/uploads\/2025\/09\/STOLNI_2026_VnitrnilListy_ukazka_prodejci-7-1536x715.jpg 1536w, https:\/\/www.czechtrains.cz\/wp-content\/uploads\/2025\/09\/STOLNI_2026_VnitrnilListy_ukazka_prodejci-7-2048x953.jpg 2048w, https:\/\/www.czechtrains.cz\/wp-content\/uploads\/2025\/09\/STOLNI_2026_VnitrnilListy_ukazka_prodejci-7-990x461.jpg 990w, https:\/\/www.czechtrains.cz\/wp-content\/uploads\/2025\/09\/STOLNI_2026_VnitrnilListy_ukazka_prodejci-7-600x279.jpg 600w\" sizes=\"auto, (max-width: 420px) 100vw, 420px\" \/><\/p>\n<p align=\"CENTER\">VODOZNAK na vyti\u0161t\u011bn\u00e9m kalend\u00e1\u0159i nen\u00ed !<\/p>\n<p style=\"text-align: left;\" align=\"CENTER\"><span style=\"color: #ffffff;\"><b>Z\u00c1KLADN\u00cd CENA STOLN\u00cdHO KALEND\u00c1\u0158E \u2026 149 K\u010d\/ks.<\/b><\/span><\/p>\n<p align=\"LEFT\">V cen\u011b nejsou zahrnuty po\u0161tovn\u00ed v\u00fddaje.<\/p>\n<p align=\"LEFT\">Pro odb\u011bry v\u011bt\u0161\u00edho mno\u017estv\u00ed plat\u00ed:<\/p>\n<table border=\"1\" width=\"681\" cellspacing=\"0\" cellpadding=\"4\">\n<colgroup>\n<col width=\"104\" \/>\n<col width=\"105\" \/>\n<col width=\"105\" \/>\n<col width=\"105\" \/>\n<col width=\"105\" \/>\n<col width=\"105\" \/> <\/colgroup>\n<tbody>\n<tr valign=\"TOP\">\n<td width=\"104\">Mno\u017estv\u00ed<\/td>\n<td width=\"105\">\n<p align=\"CENTER\"><b>&lt;<\/b><b>5<\/b><\/p>\n<\/td>\n<td width=\"105\">\n<p align=\"CENTER\"><b>6&#8230;15<\/b><\/p>\n<\/td>\n<td width=\"105\">\n<p align=\"CENTER\"><b>16&#8230;25<\/b><\/p>\n<\/td>\n<td width=\"105\">\n<p align=\"CENTER\"><b>26&#8230;50<\/b><\/p>\n<\/td>\n<td width=\"105\">\n<p align=\"CENTER\">&gt;<b>50 <\/b><\/p>\n<\/td>\n<\/tr>\n<tr valign=\"TOP\">\n<td width=\"104\">Cena v K\u010d<\/td>\n<td width=\"105\">\n<p align=\"CENTER\"><span style=\"color: #ffffff;\">\u2026 145<\/span><b><span style=\"color: #ffffff;\">,-<\/span> (3%)<\/b><\/p>\n<\/td>\n<td width=\"105\">\n<p align=\"CENTER\"><span style=\"color: #ffffff;\">\u2026 141<\/span><b><span style=\"color: #ffffff;\">,-<\/span>\u00a0 <\/b><b>(6%)<\/b><\/p>\n<\/td>\n<td width=\"105\">\n<p align=\"CENTER\"><b><span style=\"color: #ffffff;\">&#8230; 136,-<\/span> (9%)<\/b><\/p>\n<\/td>\n<td width=\"105\">\n<p align=\"CENTER\"><b><span style=\"color: #ffffff;\">&#8230; 132,-<\/span> (12%)<\/b><\/p>\n<\/td>\n<td width=\"105\">\n<p align=\"CENTER\"><span style=\"color: #ffffff;\">\u2026 124<\/span><b><span style=\"color: #ffffff;\">,-<\/span> (17%)<\/b><\/p>\n<\/td>\n<\/tr>\n<\/tbody>\n<\/table>\n\n\n<p class=\"has-text-align-center has-white-color has-text-color has-link-color wp-elements-e8eb3dca4edfd9e813143bd38f8f1feb\">Objedn\u00e1n\u00ed s n\u00e1st\u011bnn\u00fd kalend\u00e1\u0159em &#8230; cena za kus 139 K\u010d\/ks.* **<\/p>\n\n\n\n<p class=\"has-text-align-center\">* Nelze s\u010d\u00edtat se slevou mno\u017estevn\u00ed, ** Plat\u00ed pouze pro internetov\u00fd prodej<\/p>\n\n\n<p><strong>Kde jej koup\u00edte? V sou\u010dasn\u00e9 dob\u011b se V\u00e1m nab\u00edz\u00ed n\u011bkolik mo\u017enost\u00ed (viz take &#8222;Prodejn\u00ed m\u00edsta&#8220; na hlavn\u00ed li\u0161t\u011b):<\/strong><\/p>\n<p>&#8211; Pro Va\u0161e maxim\u00e1ln\u00ed pohodl\u00ed a snadnou dostupnost jsou kalend\u00e1\u0159e prod\u00e1v\u00e1ny v r\u00e1mci rozs\u00e1hl\u00e9 s\u00edt\u011b \u010cD center.<\/p>\n<p>&#8211; Klasick\u00fdm zp\u016fsobem na pultech prodejen s \u017eelezni\u010dn\u00ed model\u00e1\u0159skou technikou, ve vybran\u00fdch knihkupectv\u00edch a na vybran\u00fdch o-line platform\u00e1ch (Fanshop \u010cD, Kalend\u00e1\u0159eONE).<\/p>\n<p>&#8211; Elektronicky na m\u00fdch webov\u00fdch str\u00e1nk\u00e1ch v sekci \u201eE-Shop\u201c. Zde si tak\u00e9 m\u016f\u017ee ka\u017ed\u00fd z\u00e1jemce prostudovat provozn\u00ed a n\u00e1kupn\u00ed \u0159\u00e1d. Je to opravdu snadn\u00e9. V p\u0159\u00edpad\u011b nefunk\u010dnosti E-shopu mne pros\u00edm kontaktujte p\u0159es e-mailovou schr\u00e1nku ulrichz@seznam.cz.<\/p>\n<p>&#8211; Osobn\u00ed telefonickou objedn\u00e1vkou na \u010d\u00edslo 776311078.<\/p>\n<p><strong>Cht\u011bl bych V\u00e1s tak\u00e9 upozornit, \u017ee koup\u00ed m\u00fdch produkt\u016f p\u0159es E-Shop spole\u010dn\u011b podpo\u0159\u00edme z\u00e1chranu cenn\u00e9ho kulturn\u00edho \u017eelezni\u010dn\u00edho d\u011bdictv\u00ed v \u010cesk\u00e9 republice (viz sekce \u201eNOSTALGIE\u201c). Nebu\u010fme k na\u0161\u00ed historii lhostejn\u00ed a podpo\u0159me m\u016fj ojedin\u011bl\u00fd projekt \u201eZACHOV\u00c1ME \u017dELEZNI\u010cN\u00cd HISTORII \u017dIVOU\u201c. \u00a0Pot\u011b\u0161en\u00edm pro V\u00e1s i Va\u0161e d\u011bti budou \u017eiv\u00e1 setk\u00e1v\u00e1n\u00ed s provozn\u00edmi historick\u00fdmi vozidly.<\/strong><\/p>\n<p>P\u0159eji V\u00e1m ni\u010d\u00edm neru\u0161enou p\u0159\u00edjemnou vizu\u00e1ln\u00ed toulku po trat\u00edch \u010cesk\u00e9 republiky.<\/p>\n<table style=\"border-collapse: collapse; width: 5px; height: 361px;\">\n<tbody>\n<tr>\n<td style=\"width: 100%;\">\u00a0<\/td>\n<\/tr>\n<tr>\n<td style=\"width: 100%; text-align: center;\">\u00a0<\/td>\n<\/tr>\n<tr>\n<td style=\"width: 100%;\">\u00a0<\/td>\n<\/tr>\n<tr>\n<td style=\"width: 100%;\">\u00a0<\/td>\n<\/tr>\n<tr>\n<td style=\"width: 100%;\">\u00a0<\/td>\n<\/tr>\n<tr>\n<td style=\"width: 100%;\">\u00a0<\/td>\n<\/tr>\n<tr>\n<td style=\"width: 100%;\">\u00a0<\/td>\n<\/tr>\n<\/tbody>\n<\/table>","protected":false},"excerpt":{"rendered":"<p>Kalend\u00e1\u0159 stoln\u00ed 2026 TO NEJHEZ\u010c\u00cd Z \u010cESKO-SLOVENSK\u00c9 \u017dELEZNICE SKLADEM Velikost 320&#215;150 (190 karton) mm Mo\u017enost firemn\u00edho potisku 320&#215;40 mm Photo &hellip; <a href=\"https:\/\/www.czechtrains.cz\/?page_id=15\" class=\"more-link\"><span class=\"more-button\">Continue Reading<span class=\"screen-reader-text\">Stoln\u00ed kalend\u00e1\u0159<\/span><\/span><\/a><\/p>\n","protected":false},"author":2,"featured_media":0,"parent":656,"menu_order":1,"comment_status":"closed","ping_status":"closed","template":"","meta":{"footnotes":""},"class_list":["post-15","page","type-page","status-publish","hentry"],"_links":{"self":[{"href":"https:\/\/www.czechtrains.cz\/index.php?rest_route=\/wp\/v2\/pages\/15","targetHints":{"allow":["GET"]}}],"collection":[{"href":"https:\/\/www.czechtrains.cz\/index.php?rest_route=\/wp\/v2\/pages"}],"about":[{"href":"https:\/\/www.czechtrains.cz\/index.php?rest_route=\/wp\/v2\/types\/page"}],"author":[{"embeddable":true,"href":"https:\/\/www.czechtrains.cz\/index.php?rest_route=\/wp\/v2\/users\/2"}],"replies":[{"embeddable":true,"href":"https:\/\/www.czechtrains.cz\/index.php?rest_route=%2Fwp%2Fv2%2Fcomments&post=15"}],"version-history":[{"count":53,"href":"https:\/\/www.czechtrains.cz\/index.php?rest_route=\/wp\/v2\/pages\/15\/revisions"}],"predecessor-version":[{"id":11846,"href":"https:\/\/www.czechtrains.cz\/index.php?rest_route=\/wp\/v2\/pages\/15\/revisions\/11846"}],"up":[{"embeddable":true,"href":"https:\/\/www.czechtrains.cz\/index.php?rest_route=\/wp\/v2\/pages\/656"}],"wp:attachment":[{"href":"https:\/\/www.czechtrains.cz\/index.php?rest_route=%2Fwp%2Fv2%2Fmedia&parent=15"}],"curies":[{"name":"wp","href":"https:\/\/api.w.org\/{rel}","templated":true}]}}