{"id":1543,"date":"2020-10-07T12:10:08","date_gmt":"2020-10-07T10:10:08","guid":{"rendered":"http:\/\/www.czechtrains.cz\/?page_id=1543"},"modified":"2020-10-08T22:36:19","modified_gmt":"2020-10-08T20:36:19","slug":"kosik","status":"publish","type":"page","link":"https:\/\/www.czechtrains.cz\/?page_id=1543","title":{"rendered":"Ko\u0161\u00edk"},"content":{"rendered":"<div class=\"woocommerce\"><div class=\"woocommerce-notices-wrapper\"><\/div><div class=\"wc-empty-cart-message\">\n\t<div class=\"cart-empty woocommerce-info\" role=\"status\">\n\t\tV\u00e1\u0161 ko\u0161\u00edk je pr\u00e1zdn\u00fd.\t<\/div>\n<\/div>\t<p class=\"return-to-shop\">\n\t\t<a class=\"button wc-backward\" href=\"https:\/\/www.czechtrains.cz\/?page_id=1378\">\n\t\t\tZp\u011bt do obchodu\t\t<\/a>\n\t<\/p>\n<\/div>\n","protected":false},"excerpt":{"rendered":"","protected":false},"author":1,"featured_media":0,"parent":1378,"menu_order":1,"comment_status":"closed","ping_status":"closed","template":"","meta":{"footnotes":""},"class_list":["post-1543","page","type-page","status-publish","hentry"],"_links":{"self":[{"href":"https:\/\/www.czechtrains.cz\/index.php?rest_route=\/wp\/v2\/pages\/1543","targetHints":{"allow":["GET"]}}],"collection":[{"href":"https:\/\/www.czechtrains.cz\/index.php?rest_route=\/wp\/v2\/pages"}],"about":[{"href":"https:\/\/www.czechtrains.cz\/index.php?rest_route=\/wp\/v2\/types\/page"}],"author":[{"embeddable":true,"href":"https:\/\/www.czechtrains.cz\/index.php?rest_route=\/wp\/v2\/users\/1"}],"replies":[{"embeddable":true,"href":"https:\/\/www.czechtrains.cz\/index.php?rest_route=%2Fwp%2Fv2%2Fcomments&post=1543"}],"version-history":[{"count":1,"href":"https:\/\/www.czechtrains.cz\/index.php?rest_route=\/wp\/v2\/pages\/1543\/revisions"}],"predecessor-version":[{"id":1640,"href":"https:\/\/www.czechtrains.cz\/index.php?rest_route=\/wp\/v2\/pages\/1543\/revisions\/1640"}],"up":[{"embeddable":true,"href":"https:\/\/www.czechtrains.cz\/index.php?rest_route=\/wp\/v2\/pages\/1378"}],"wp:attachment":[{"href":"https:\/\/www.czechtrains.cz\/index.php?rest_route=%2Fwp%2Fv2%2Fmedia&parent=1543"}],"curies":[{"name":"wp","href":"https:\/\/api.w.org\/{rel}","templated":true}]}}