{"id":2785,"date":"2022-09-20T17:54:56","date_gmt":"2022-09-20T15:54:56","guid":{"rendered":"http:\/\/www.czechtrains.cz\/?page_id=2785"},"modified":"2026-01-10T11:14:06","modified_gmt":"2026-01-10T09:14:06","slug":"doprava","status":"publish","type":"page","link":"https:\/\/www.czechtrains.cz\/?page_id=2785","title":{"rendered":"Doprava"},"content":{"rendered":"\n\n\n<p>V\u00e1\u017een\u00ed z\u00e1kazn\u00edci,<\/p>\n<p>na z\u00e1klad\u011b va\u0161ich ob\u010dasn\u00fdch p\u0159ipom\u00ednek p\u0159id\u00e1v\u00e1m orienta\u010dn\u00ed p\u0159ehledov\u00e9 info o mo\u017enostech a cen\u00e1ch za dopravu va\u0161ich standardn\u00edch objedn\u00e1vek. Aktu\u00e1ln\u00ed ceny najdete v cenov\u00e9m n\u00e1vrhu, kter\u00fd zas\u00edl\u00e1m v\u017edy ke ka\u017ed\u00e9 objedn\u00e1vce! V p\u0159\u00edpad\u011b, \u017ee by tyto informace byly pro v\u00e1s nesrozumiteln\u00e9, tak mne pros\u00edm informujte.<\/p>\n<p>&nbsp;<\/p>\n<p><strong><span style=\"color: #ffffff;\"><span style=\"color: #ffff99;\"><span style=\"text-decoration: underline;\">Zasl\u00e1n\u00ed objedn\u00e1vky p\u0159es Z\u00c1SILKOVNU<\/span><\/span><\/span><\/strong><\/p>\n<p>&nbsp;<\/p>\n<p><strong>I. V\u00e1ha standardn\u00ed objedn\u00e1vky do 5kg<\/strong><\/p>\n<p><span style=\"color: #000000;\"><span style=\"color: #ffffff;\">&#8230; 145,-<\/span> <span style=\"color: #ffffff;\">K\u010d odesl\u00e1n<\/span>\u00ed <span style=\"color: #ffffff;\">na v\u00fddejn\u00ed<\/span> <span style=\"color: #ffffff;\">m\u00edsto\/ Z-BOX \/platba p\u0159evodem<\/span><\/span><\/p>\n<p><span style=\"color: #ffffff;\">&#8230; 165,- K\u010d odesl\u00e1n\u00ed na adresu\/platba p\u0159evodem<\/span><\/p>\n<p><span style=\"color: #ffffff;\">&#8230; 165,- K\u010d desl\u00e1n\u00ed na v\u00fddejn\u00ed m\u00edsto\/platba dob\u00edrkou<\/span><\/p>\n<p><span style=\"color: #ffffff;\">&#8230; 185,- K\u010d odesl\u00e1n\u00ed na adresu\/platba dob\u00edrkou<\/span><\/p>\n<p>&nbsp;<\/p>\n<p><strong><span style=\"color: #ffffff;\"><span style=\"color: #ffff99;\"><span style=\"text-decoration: underline;\">Zasl\u00e1n\u00ed objedn\u00e1vky p\u0159es BAL\u00cdKOVNU<\/span><\/span><\/span><\/strong><\/p>\n<p>&nbsp;<\/p>\n<p><strong>I. V\u00e1ha standardn\u00ed objedn\u00e1vky do 5kg<\/strong><\/p>\n<p><span style=\"color: #000000;\"><span style=\"color: #ffffff;\">&#8230; 145,-<\/span> <span style=\"color: #ffffff;\">K\u010d odesl\u00e1n<\/span>\u00ed <span style=\"color: #ffffff;\">na v\u00fddejn\u00ed<\/span> <span style=\"color: #ffffff;\">m\u00edsto \/ samoobslu\u017en\u00fd BOX \/platba p\u0159evodem<\/span><\/span><\/p>\n<p><span style=\"color: #ffffff;\">&#8230; 165,- K\u010d odesl\u00e1n\u00ed na adresu\/platba p\u0159evodem<\/span><\/p>\n<p><span style=\"color: #ffffff;\">&#8230; 165,- K\u010d desl\u00e1n\u00ed na v\u00fddejn\u00ed m\u00edsto\/platba dob\u00edrkou<\/span><\/p>\n<p><span style=\"color: #ffffff;\">&#8230; 185,- K\u010d odesl\u00e1n\u00ed na adresu\/platba dob\u00edrkou<\/span><\/p>\n<p>&nbsp;<\/p>\n<p><strong>II. V\u00e1ha standardn\u00ed objedn\u00e1vky 5-15kg<\/strong><\/p>\n<p><span style=\"color: #ffffff;\">&#8230;<\/span> <span style=\"color: #ffffff;\">220,- K\u010d odesl\u00e1n\u00ed na v\u00fddejn\u00ed m\u00edsto\/platba p\u0159evodem<\/span><\/p>\n<p><span style=\"color: #ffffff;\">&#8230; 245,- K\u010d odesl\u00e1n\u00ed na adresu\/platba p\u0159evodem<\/span><\/p>\n<p><span style=\"color: #ffffff;\">&#8230; 245,- K\u010d desl\u00e1n\u00ed na v\u00fddejn\u00ed m\u00edsto\/platba dob\u00edrkou<\/span><\/p>\n<p><span style=\"color: #ffffff;\">&#8230; 265,- K\u010d odesl\u00e1n\u00ed na adresu\/platba dob\u00edrkou<\/span><\/p>\n<p>&nbsp;<\/p>\n<p><span style=\"text-decoration: underline;\"><span style=\"color: #ffff99;\"><strong>Zasl\u00e1n\u00ed objedn\u00e1vky p\u0159es \u010cESKOU PO\u0160TU<br><\/strong><\/span><\/span><\/p>\n<p>&nbsp;<\/p>\n<p><span style=\"color: #ffffff;\"><strong>I. objedn\u00e1vka pouze samostatn\u00fd stoln\u00ed kalend\u00e1\u0159 1 ks bez doporu\u010den\u00ed<\/strong><\/span><\/p>\n<p><span style=\"color: #ffffff;\">ob\u00e1lka C4 (324x229mm tzv. obchodn\u00ed ta\u0161ka) bez dokladu o pod\u00e1n\u00ed<\/span>&nbsp;<span style=\"color: #ffffff;\">(tzv. nedoporu\u010den\u00e9 psan\u00ed)<\/span><\/p>\n<p><span style=\"color: #ffffff;\">Cena za z\u00e1silku &#8230; 89 K\u010d<\/span><\/p>\n<p>Platba pouze na \u00fa\u010det p\u0159ed dod\u00e1n\u00edm zbo\u017e\u00ed<\/p>\n<p>U tohoto druhu odesl\u00e1n\u00ed nen\u00ed br\u00e1n z\u0159etel na reklamaci p\u0159i po\u0161kozen\u00ed \u010di nedoru\u010den\u00ed z\u00e1silky k adres\u00e1tu!<\/p>\n<p>&nbsp;<\/p>\n<p><strong><span style=\"color: #ffffff;\">II. Doporu\u010den\u00fd bal\u00ed\u010dek s v\u00e1hou do cca 2 kg<\/span><br><\/strong><\/p>\n<p><span style=\"color: #ffffff;\">&#8230; 260,- K\u010d platba p\u0159evodem<\/span><\/p>\n<p><span style=\"color: #ffffff;\">&#8230; 280,- K\u010d platba dob\u00edrkou<\/span><\/p>\n<p>&nbsp;<\/p>\n<p><span style=\"color: #000000;\"><span style=\"color: #ffffff;\">III. zasl\u00e1n\u00ed<\/span> <span style=\"color: #ffffff;\">jako<\/span><\/span><span style=\"color: #000000;\"><span style=\"color: #ffffff;\"> Bal\u00edk Na po\u0161tu <\/span><br><\/span><\/p>\n<p><span style=\"color: #ffffff;\">&#8230; 295,- K\u010d platba p\u0159evodem<\/span><\/p>\n<p><span style=\"color: #ffffff;\">&#8230; 315,- K\u010d platba dob\u00edrkou<\/span><\/p>\n<p>&nbsp;<\/p>\n<p><span style=\"color: #ffffff;\">IV. zasl\u00e1n\u00ed jako Bal\u00edk do<\/span><span style=\"color: #000000;\"><span style=\"color: #ffffff;\"> ruky<\/span><br><\/span><\/p>\n<p style=\"color: #ffffff;\">&#8230; 325,- K\u010d platba p\u0159evodem nebo dob\u00edrko<\/p>\n<p>&nbsp;<\/p>\n","protected":false},"excerpt":{"rendered":"<p>V\u00e1\u017een\u00ed z\u00e1kazn\u00edci, na z\u00e1klad\u011b va\u0161ich ob\u010dasn\u00fdch p\u0159ipom\u00ednek p\u0159id\u00e1v\u00e1m orienta\u010dn\u00ed p\u0159ehledov\u00e9 info o mo\u017enostech a cen\u00e1ch za dopravu va\u0161ich standardn\u00edch objedn\u00e1vek. &hellip; <a href=\"https:\/\/www.czechtrains.cz\/?page_id=2785\" class=\"more-link\"><span class=\"more-button\">Continue Reading<span class=\"screen-reader-text\">Doprava<\/span><\/span><\/a><\/p>\n","protected":false},"author":2,"featured_media":0,"parent":0,"menu_order":4,"comment_status":"closed","ping_status":"closed","template":"","meta":{"footnotes":""},"class_list":["post-2785","page","type-page","status-publish","hentry"],"_links":{"self":[{"href":"https:\/\/www.czechtrains.cz\/index.php?rest_route=\/wp\/v2\/pages\/2785","targetHints":{"allow":["GET"]}}],"collection":[{"href":"https:\/\/www.czechtrains.cz\/index.php?rest_route=\/wp\/v2\/pages"}],"about":[{"href":"https:\/\/www.czechtrains.cz\/index.php?rest_route=\/wp\/v2\/types\/page"}],"author":[{"embeddable":true,"href":"https:\/\/www.czechtrains.cz\/index.php?rest_route=\/wp\/v2\/users\/2"}],"replies":[{"embeddable":true,"href":"https:\/\/www.czechtrains.cz\/index.php?rest_route=%2Fwp%2Fv2%2Fcomments&post=2785"}],"version-history":[{"count":15,"href":"https:\/\/www.czechtrains.cz\/index.php?rest_route=\/wp\/v2\/pages\/2785\/revisions"}],"predecessor-version":[{"id":12043,"href":"https:\/\/www.czechtrains.cz\/index.php?rest_route=\/wp\/v2\/pages\/2785\/revisions\/12043"}],"wp:attachment":[{"href":"https:\/\/www.czechtrains.cz\/index.php?rest_route=%2Fwp%2Fv2%2Fmedia&parent=2785"}],"curies":[{"name":"wp","href":"https:\/\/api.w.org\/{rel}","templated":true}]}}