{"id":33,"date":"2010-09-29T08:54:33","date_gmt":"2010-09-29T08:54:33","guid":{"rendered":"http:\/\/www.czechtrains.cz\/?page_id=33"},"modified":"2022-12-13T22:25:11","modified_gmt":"2022-12-13T20:25:11","slug":"nostalgie","status":"publish","type":"page","link":"https:\/\/www.czechtrains.cz\/?page_id=33","title":{"rendered":"Nostalgie"},"content":{"rendered":"<p style=\"text-align: justify;\">V\u00e1\u017een\u00ed n\u00e1v\u0161t\u011bvn\u00edci a p\u0159\u00edznivci \u017eelezni\u010dn\u00ed techniky,<\/p>\n<p style=\"text-align: justify;\">dovolte mi abych V\u00e1m p\u0159edstavil neobvyklou a z\u00e1rove\u0148 ojedin\u011blou nab\u00eddku, kter\u00e1 m\u00e1 za \u00fakol podpo\u0159it projekty a \u010dinnosti vedouc\u00ed k z\u00e1chran\u011b \u010desk\u00fdch historicky cenn\u00fdch kolejov\u00fdch vozidel. S Va\u0161\u00ed pomoc\u00ed se n\u00e1m poda\u0159\u00ed udr\u017eet \u017eelezni\u010dn\u00ed historii \u017eivou i pro budouc\u00ed generace!<br \/>\nSvoj\u00ed nakladatelskou \u010dinnost\u00ed a umem v oblasti fotografie bych r\u00e1d z\u00edskal pen\u011b\u017en\u00ed prost\u0159edky, kter\u00e9 budou v prv\u00e9 f\u00e1zi v\u011bnov\u00e1ny na vybran\u00e9 \u010dinnosti \u010di akce, kter\u00e9 vedou prim\u00e1rn\u011b k z\u00e1chran\u011b historick\u00fdch kolejov\u00fdch unik\u00e1t\u016f. P\u0159edev\u0161\u00edm pak na opravy a \u00fadr\u017ebu historick\u00fdch \u017eelezni\u010dn\u00edch kolejov\u00fdch vozidel. Tyto finan\u010dn\u00ed prost\u0159edky bych r\u00e1d z\u00edskal z internetov\u00e9ho prodeje m\u00fdch produkt\u016f.<\/p>\n<p>V sou\u010dasn\u00e9 dob\u011b b\u011b\u017e\u00ed akce:<\/p>\n<h4><span style=\"color: #ffffff;\">Sb\u00edrka 2022 na znovuzprovozn\u011bn\u00ed \u201e\u010cty\u0159kol\u00e1ka\u201d 434.2315 <strong>(viz \u00favodn\u00ed strana)<\/strong><\/span><\/h4>\n","protected":false},"excerpt":{"rendered":"<p>V\u00e1\u017een\u00ed n\u00e1v\u0161t\u011bvn\u00edci a p\u0159\u00edznivci \u017eelezni\u010dn\u00ed techniky, dovolte mi abych V\u00e1m p\u0159edstavil neobvyklou a z\u00e1rove\u0148 ojedin\u011blou nab\u00eddku, kter\u00e1 m\u00e1 za \u00fakol &hellip; <a href=\"https:\/\/www.czechtrains.cz\/?page_id=33\" class=\"more-link\"><span class=\"more-button\">Continue Reading<span class=\"screen-reader-text\">Nostalgie<\/span><\/span><\/a><\/p>\n","protected":false},"author":2,"featured_media":0,"parent":0,"menu_order":8,"comment_status":"closed","ping_status":"closed","template":"","meta":{"footnotes":""},"class_list":["post-33","page","type-page","status-publish","hentry"],"_links":{"self":[{"href":"https:\/\/www.czechtrains.cz\/index.php?rest_route=\/wp\/v2\/pages\/33","targetHints":{"allow":["GET"]}}],"collection":[{"href":"https:\/\/www.czechtrains.cz\/index.php?rest_route=\/wp\/v2\/pages"}],"about":[{"href":"https:\/\/www.czechtrains.cz\/index.php?rest_route=\/wp\/v2\/types\/page"}],"author":[{"embeddable":true,"href":"https:\/\/www.czechtrains.cz\/index.php?rest_route=\/wp\/v2\/users\/2"}],"replies":[{"embeddable":true,"href":"https:\/\/www.czechtrains.cz\/index.php?rest_route=%2Fwp%2Fv2%2Fcomments&post=33"}],"version-history":[{"count":13,"href":"https:\/\/www.czechtrains.cz\/index.php?rest_route=\/wp\/v2\/pages\/33\/revisions"}],"predecessor-version":[{"id":7690,"href":"https:\/\/www.czechtrains.cz\/index.php?rest_route=\/wp\/v2\/pages\/33\/revisions\/7690"}],"wp:attachment":[{"href":"https:\/\/www.czechtrains.cz\/index.php?rest_route=%2Fwp%2Fv2%2Fmedia&parent=33"}],"curies":[{"name":"wp","href":"https:\/\/api.w.org\/{rel}","templated":true}]}}