{"id":649,"date":"2015-10-15T15:23:40","date_gmt":"2015-10-15T13:23:40","guid":{"rendered":"http:\/\/www.czechtrains.cz\/?page_id=649"},"modified":"2022-12-13T22:27:48","modified_gmt":"2022-12-13T20:27:48","slug":"kontaktni-informace-2","status":"publish","type":"page","link":"https:\/\/www.czechtrains.cz\/?page_id=649","title":{"rendered":"Kontakt"},"content":{"rendered":"<h4><span style=\"text-decoration: underline; color: #ffffff;\"><strong>Koresponden\u010dn\u00ed adresa:<\/strong><\/span><\/h4>\n<h4>Ing. Zden\u011bk Ulrich<br \/>\nN\u00e1m. Kosmonaut\u016f 17<br \/>\n789 85 Mohelnice<\/h4>\n<h4>I\u010cO: <span style=\"color: #ffcc99;\">67725031<\/span><\/h4>\n<h4>DI\u010c: NEJSEM PL\u00c1TCE DPH<\/h4>\n<h4><span style=\"text-decoration: underline; color: #ffffff;\"><strong>Bankovn\u00ed konto mBank:<\/strong><\/span><\/h4>\n<h4><span style=\"color: #ffcc99;\"><strong>670100-2207520029\/6210<\/strong><\/span><\/h4>\n<h4><span style=\"text-decoration: underline; color: #ffffff;\">Ostatn\u00ed:<\/span><\/h4>\n<h4><span style=\"color: #ffcc99;\"><strong><span style=\"color: #ffffff;\">e-mail:<\/span> ulrichz@seznam.cz<\/strong><\/span><strong><br \/>\n<\/strong><\/h4>\n<h4><span style=\"color: #ffcc99;\"><strong><span style=\"color: #ffffff;\">Mobil:<\/span> +420 776311078<\/strong><\/span><\/h4>\n<h3 style=\"color: #ff0000; text-align: left;\"><span style=\"color: #ffcc99;\">http:\/\/www.czechtrains.cz<\/span><\/h3>\n","protected":false},"excerpt":{"rendered":"<p>Koresponden\u010dn\u00ed adresa: Ing. Zden\u011bk Ulrich N\u00e1m. Kosmonaut\u016f 17 789 85 Mohelnice I\u010cO: 67725031 DI\u010c: NEJSEM PL\u00c1TCE DPH Bankovn\u00ed konto mBank: &hellip; <a href=\"https:\/\/www.czechtrains.cz\/?page_id=649\" class=\"more-link\"><span class=\"more-button\">Continue Reading<span class=\"screen-reader-text\">Kontakt<\/span><\/span><\/a><\/p>\n","protected":false},"author":2,"featured_media":0,"parent":0,"menu_order":6,"comment_status":"closed","ping_status":"closed","template":"","meta":{"footnotes":""},"class_list":["post-649","page","type-page","status-publish","hentry"],"_links":{"self":[{"href":"https:\/\/www.czechtrains.cz\/index.php?rest_route=\/wp\/v2\/pages\/649","targetHints":{"allow":["GET"]}}],"collection":[{"href":"https:\/\/www.czechtrains.cz\/index.php?rest_route=\/wp\/v2\/pages"}],"about":[{"href":"https:\/\/www.czechtrains.cz\/index.php?rest_route=\/wp\/v2\/types\/page"}],"author":[{"embeddable":true,"href":"https:\/\/www.czechtrains.cz\/index.php?rest_route=\/wp\/v2\/users\/2"}],"replies":[{"embeddable":true,"href":"https:\/\/www.czechtrains.cz\/index.php?rest_route=%2Fwp%2Fv2%2Fcomments&post=649"}],"version-history":[{"count":7,"href":"https:\/\/www.czechtrains.cz\/index.php?rest_route=\/wp\/v2\/pages\/649\/revisions"}],"predecessor-version":[{"id":7660,"href":"https:\/\/www.czechtrains.cz\/index.php?rest_route=\/wp\/v2\/pages\/649\/revisions\/7660"}],"wp:attachment":[{"href":"https:\/\/www.czechtrains.cz\/index.php?rest_route=%2Fwp%2Fv2%2Fmedia&parent=649"}],"curies":[{"name":"wp","href":"https:\/\/api.w.org\/{rel}","templated":true}]}}