{"id":656,"date":"2015-10-15T15:44:45","date_gmt":"2015-10-15T13:44:45","guid":{"rendered":"http:\/\/www.czechtrains.cz\/?page_id=656"},"modified":"2022-12-13T21:46:36","modified_gmt":"2022-12-13T19:46:36","slug":"kalendare-a-plakaty","status":"publish","type":"page","link":"https:\/\/www.czechtrains.cz\/?page_id=656","title":{"rendered":"Kalend\u00e1\u0159e"},"content":{"rendered":"<p>Mil\u00ed n\u00e1v\u0161t\u011bvn\u00edci,<\/p>\n<p>v dal\u0161\u00edch odkazech t\u00e9to sekce si m\u016f\u017eete prohl\u00e9dnout podrobn\u00e9 informace produkt\u016f, kter\u00e9 jsou aktu\u00e1ln\u011b v nab\u00eddce. V p\u0159\u00edpad\u011b jak\u00fdchkoliv n\u00e1m\u011bt\u016f \u010di nesrovnalost\u00ed mne nev\u00e1hejte kontaktovat.<\/p>\n<p>P\u0159eji V\u00e1m ni\u010d\u00edm neru\u0161enou toulku po webov\u00fdch str\u00e1nk\u00e1ch a mnoho radost\u00ed s m\u00fdmi produkty.<\/p>\n<p>Zden\u011bk Ulrich<\/p>\n","protected":false},"excerpt":{"rendered":"<p>Mil\u00ed n\u00e1v\u0161t\u011bvn\u00edci, v dal\u0161\u00edch odkazech t\u00e9to sekce si m\u016f\u017eete prohl\u00e9dnout podrobn\u00e9 informace produkt\u016f, kter\u00e9 jsou aktu\u00e1ln\u011b v nab\u00eddce. V p\u0159\u00edpad\u011b &hellip; <a href=\"https:\/\/www.czechtrains.cz\/?page_id=656\" class=\"more-link\"><span class=\"more-button\">Continue Reading<span class=\"screen-reader-text\">Kalend\u00e1\u0159e<\/span><\/span><\/a><\/p>\n","protected":false},"author":2,"featured_media":0,"parent":0,"menu_order":1,"comment_status":"closed","ping_status":"closed","template":"","meta":{"footnotes":""},"class_list":["post-656","page","type-page","status-publish","hentry"],"_links":{"self":[{"href":"https:\/\/www.czechtrains.cz\/index.php?rest_route=\/wp\/v2\/pages\/656","targetHints":{"allow":["GET"]}}],"collection":[{"href":"https:\/\/www.czechtrains.cz\/index.php?rest_route=\/wp\/v2\/pages"}],"about":[{"href":"https:\/\/www.czechtrains.cz\/index.php?rest_route=\/wp\/v2\/types\/page"}],"author":[{"embeddable":true,"href":"https:\/\/www.czechtrains.cz\/index.php?rest_route=\/wp\/v2\/users\/2"}],"replies":[{"embeddable":true,"href":"https:\/\/www.czechtrains.cz\/index.php?rest_route=%2Fwp%2Fv2%2Fcomments&post=656"}],"version-history":[{"count":7,"href":"https:\/\/www.czechtrains.cz\/index.php?rest_route=\/wp\/v2\/pages\/656\/revisions"}],"predecessor-version":[{"id":7655,"href":"https:\/\/www.czechtrains.cz\/index.php?rest_route=\/wp\/v2\/pages\/656\/revisions\/7655"}],"wp:attachment":[{"href":"https:\/\/www.czechtrains.cz\/index.php?rest_route=%2Fwp%2Fv2%2Fmedia&parent=656"}],"curies":[{"name":"wp","href":"https:\/\/api.w.org\/{rel}","templated":true}]}}