{"id":660,"date":"2015-10-15T15:48:54","date_gmt":"2015-10-15T13:48:54","guid":{"rendered":"http:\/\/www.czechtrains.cz\/?page_id=660"},"modified":"2022-09-20T17:29:35","modified_gmt":"2022-09-20T15:29:35","slug":"plakaty","status":"publish","type":"page","link":"https:\/\/www.czechtrains.cz\/?page_id=660","title":{"rendered":"Plak\u00e1ty"},"content":{"rendered":"<p><strong>V\u00e1\u017een\u00ed obchodn\u00ed partne\u0159i a p\u0159\u00edznivci \u017eelezni\u010dn\u00ed techniky,<\/strong><\/p>\n<p><strong>v roce 2015 prob\u011bhlo vyd\u00e1n\u00ed vybran\u00fdch druh\u016f plak\u00e1t\u016f, kter\u00e9 zachycuj\u00ed \u017eivou atmosf\u00e9ru na \u010desk\u00fdch kolej\u00edch. Plak\u00e1ty jsou orientov\u00e1ny na \u0161\u00ed\u0159ku ve form\u00e1tu 340x480mm. Pe\u010dliv\u011b vybran\u00e9 z\u00e1b\u011bry z nich \u010din\u00ed origin\u00e1ln\u00ed obrazy, kter\u00e9 se neztrat\u00ed v \u017e\u00e1dn\u00e9m interi\u00e9ru!<\/strong><\/p>\n<p style=\"text-align: center;\">SKLADEM<\/p>\n<p style=\"text-align: center;\">340 x 480 mm<\/p>\n<p><img loading=\"lazy\" decoding=\"async\" class=\"aligncenter size-thumbnail wp-image-1408\" src=\"http:\/\/www.czechtrains.cz\/wp-content\/uploads\/2019\/11\/2_854014_plakat-420x298.jpg\" alt=\"\" width=\"420\" height=\"298\" srcset=\"https:\/\/www.czechtrains.cz\/wp-content\/uploads\/2019\/11\/2_854014_plakat-420x298.jpg 420w, https:\/\/www.czechtrains.cz\/wp-content\/uploads\/2019\/11\/2_854014_plakat-600x425.jpg 600w, https:\/\/www.czechtrains.cz\/wp-content\/uploads\/2019\/11\/2_854014_plakat-744x527.jpg 744w, https:\/\/www.czechtrains.cz\/wp-content\/uploads\/2019\/11\/2_854014_plakat-768x544.jpg 768w, https:\/\/www.czechtrains.cz\/wp-content\/uploads\/2019\/11\/2_854014_plakat-1200x850.jpg 1200w, https:\/\/www.czechtrains.cz\/wp-content\/uploads\/2019\/11\/2_854014_plakat-148x105.jpg 148w, https:\/\/www.czechtrains.cz\/wp-content\/uploads\/2019\/11\/2_854014_plakat-31x22.jpg 31w, https:\/\/www.czechtrains.cz\/wp-content\/uploads\/2019\/11\/2_854014_plakat-38x27.jpg 38w, https:\/\/www.czechtrains.cz\/wp-content\/uploads\/2019\/11\/2_854014_plakat-303x215.jpg 303w, https:\/\/www.czechtrains.cz\/wp-content\/uploads\/2019\/11\/2_854014_plakat-1000x708.jpg 1000w\" sizes=\"auto, (max-width: 420px) 100vw, 420px\" \/><img loading=\"lazy\" decoding=\"async\" class=\"aligncenter size-thumbnail wp-image-1412\" src=\"http:\/\/www.czechtrains.cz\/wp-content\/uploads\/2019\/11\/2_749253_plakat-420x298.jpg\" alt=\"\" width=\"420\" height=\"298\" srcset=\"https:\/\/www.czechtrains.cz\/wp-content\/uploads\/2019\/11\/2_749253_plakat-420x298.jpg 420w, https:\/\/www.czechtrains.cz\/wp-content\/uploads\/2019\/11\/2_749253_plakat-600x425.jpg 600w, https:\/\/www.czechtrains.cz\/wp-content\/uploads\/2019\/11\/2_749253_plakat-744x527.jpg 744w, https:\/\/www.czechtrains.cz\/wp-content\/uploads\/2019\/11\/2_749253_plakat-768x544.jpg 768w, https:\/\/www.czechtrains.cz\/wp-content\/uploads\/2019\/11\/2_749253_plakat-1200x850.jpg 1200w, https:\/\/www.czechtrains.cz\/wp-content\/uploads\/2019\/11\/2_749253_plakat-148x105.jpg 148w, https:\/\/www.czechtrains.cz\/wp-content\/uploads\/2019\/11\/2_749253_plakat-31x22.jpg 31w, https:\/\/www.czechtrains.cz\/wp-content\/uploads\/2019\/11\/2_749253_plakat-38x27.jpg 38w, https:\/\/www.czechtrains.cz\/wp-content\/uploads\/2019\/11\/2_749253_plakat-303x215.jpg 303w, https:\/\/www.czechtrains.cz\/wp-content\/uploads\/2019\/11\/2_749253_plakat-1000x708.jpg 1000w\" sizes=\"auto, (max-width: 420px) 100vw, 420px\" \/><img loading=\"lazy\" decoding=\"async\" class=\"aligncenter size-thumbnail wp-image-1418\" src=\"http:\/\/www.czechtrains.cz\/wp-content\/uploads\/2019\/11\/150205_plakat-420x298.jpg\" alt=\"\" width=\"420\" height=\"298\" srcset=\"https:\/\/www.czechtrains.cz\/wp-content\/uploads\/2019\/11\/150205_plakat-420x298.jpg 420w, https:\/\/www.czechtrains.cz\/wp-content\/uploads\/2019\/11\/150205_plakat-600x425.jpg 600w, https:\/\/www.czechtrains.cz\/wp-content\/uploads\/2019\/11\/150205_plakat-744x527.jpg 744w, https:\/\/www.czechtrains.cz\/wp-content\/uploads\/2019\/11\/150205_plakat-768x544.jpg 768w, https:\/\/www.czechtrains.cz\/wp-content\/uploads\/2019\/11\/150205_plakat-1200x850.jpg 1200w, https:\/\/www.czechtrains.cz\/wp-content\/uploads\/2019\/11\/150205_plakat-148x105.jpg 148w, https:\/\/www.czechtrains.cz\/wp-content\/uploads\/2019\/11\/150205_plakat-31x22.jpg 31w, https:\/\/www.czechtrains.cz\/wp-content\/uploads\/2019\/11\/150205_plakat-38x27.jpg 38w, https:\/\/www.czechtrains.cz\/wp-content\/uploads\/2019\/11\/150205_plakat-303x215.jpg 303w, https:\/\/www.czechtrains.cz\/wp-content\/uploads\/2019\/11\/150205_plakat-1000x708.jpg 1000w\" sizes=\"auto, (max-width: 420px) 100vw, 420px\" \/><img loading=\"lazy\" decoding=\"async\" class=\"aligncenter size-thumbnail wp-image-1415\" src=\"http:\/\/www.czechtrains.cz\/wp-content\/uploads\/2019\/11\/749051_plakat-420x298.jpg\" alt=\"\" width=\"420\" height=\"298\" srcset=\"https:\/\/www.czechtrains.cz\/wp-content\/uploads\/2019\/11\/749051_plakat-420x298.jpg 420w, https:\/\/www.czechtrains.cz\/wp-content\/uploads\/2019\/11\/749051_plakat-600x425.jpg 600w, https:\/\/www.czechtrains.cz\/wp-content\/uploads\/2019\/11\/749051_plakat-744x527.jpg 744w, https:\/\/www.czechtrains.cz\/wp-content\/uploads\/2019\/11\/749051_plakat-768x544.jpg 768w, https:\/\/www.czechtrains.cz\/wp-content\/uploads\/2019\/11\/749051_plakat-1200x850.jpg 1200w, https:\/\/www.czechtrains.cz\/wp-content\/uploads\/2019\/11\/749051_plakat-148x105.jpg 148w, https:\/\/www.czechtrains.cz\/wp-content\/uploads\/2019\/11\/749051_plakat-31x22.jpg 31w, https:\/\/www.czechtrains.cz\/wp-content\/uploads\/2019\/11\/749051_plakat-38x27.jpg 38w, https:\/\/www.czechtrains.cz\/wp-content\/uploads\/2019\/11\/749051_plakat-303x215.jpg 303w, https:\/\/www.czechtrains.cz\/wp-content\/uploads\/2019\/11\/749051_plakat-1000x708.jpg 1000w\" sizes=\"auto, (max-width: 420px) 100vw, 420px\" \/><\/p>\n<p style=\"text-align: center;\"><span style=\"text-decoration: underline; color: #ffffff;\"><span style=\"text-decoration: none;\"><b>Z\u00c1KLADN\u00cd CENA PLAK\u00c1TU \u2026. 10 K\u010d\/ks.<\/b><\/span><\/span><\/p>\n<p>V cen\u011b nejsou zahrnuty po\u0161tovn\u00ed v\u00fddaje a speci\u00e1ln\u00ed tubus, jeho\u017e cena je 30 K\u010d!<\/p>\n<p style=\"margin-bottom: 0cm; font-weight: normal; line-height: 150%; text-decoration: none;\" align=\"LEFT\">Pro odb\u011bry v\u011bt\u0161\u00edho mno\u017estv\u00ed plat\u00ed:<\/p>\n<table style=\"width: 100%;\" border=\"1\" width=\"681\" cellspacing=\"0\" cellpadding=\"4\">\n<colgroup>\n<col width=\"104\" \/>\n<col width=\"105\" \/>\n<col width=\"105\" \/>\n<col width=\"105\" \/>\n<col width=\"105\" \/>\n<col width=\"105\" \/> <\/colgroup>\n<tbody>\n<tr valign=\"TOP\">\n<td style=\"text-align: center; width: 16.4871%;\" width=\"104\">Mno\u017estv\u00ed<\/td>\n<td style=\"text-align: center; width: 16.7026%;\" width=\"105\">\n<p align=\"CENTER\"><span style=\"font-family: Times New Roman,serif;\"><b>&gt;<\/b><\/span><b>10<\/b><\/p>\n<\/td>\n<td style=\"text-align: center; width: 16.7026%;\" width=\"105\">\n<p align=\"CENTER\"><b>10&#8230;25<\/b><\/p>\n<\/td>\n<td style=\"text-align: center; width: 16.7026%;\" width=\"105\">\n<p align=\"CENTER\"><b>25&#8230;50<\/b><\/p>\n<\/td>\n<td style=\"text-align: center; width: 16.7026%;\" width=\"105\">\n<p align=\"CENTER\"><span style=\"font-family: Times New Roman,serif;\"><b>&lt; <\/b><\/span><b>50<\/b><\/p>\n<\/td>\n<td style=\"text-align: center; width: 16.7026%;\" width=\"105\">\n<p align=\"CENTER\"><span style=\"font-family: Times New Roman,serif;\"><b>&lt; <\/b><\/span><b>50 jednodruhov\u011b<\/b><\/p>\n<\/td>\n<\/tr>\n<tr valign=\"TOP\">\n<td style=\"text-align: center; width: 16.4871%;\" width=\"104\">Cena v K\u010d<\/td>\n<td style=\"text-align: center; width: 16.7026%;\" width=\"105\">\n<p align=\"CENTER\"><span style=\"color: #ffffff;\">\u2026 <b>10,- (0%)<\/b><\/span><\/p>\n<\/td>\n<td style=\"text-align: center; width: 16.7026%;\" width=\"105\">\n<p align=\"CENTER\"><span style=\"color: #ffffff;\">\u2026 <b>9,- (10%)<\/b><\/span><\/p>\n<\/td>\n<td style=\"text-align: center; width: 16.7026%;\" width=\"105\">\n<p align=\"CENTER\"><span style=\"color: #ffffff;\"><b>&#8230; 8,- (20%)<\/b><\/span><\/p>\n<\/td>\n<td style=\"text-align: center; width: 16.7026%;\" width=\"105\">\n<p align=\"CENTER\"><span style=\"color: #ffffff;\"><b>&#8230; 7,- (30%)<\/b><\/span><\/p>\n<\/td>\n<td style=\"text-align: center; width: 16.7026%;\" width=\"105\">\n<p align=\"CENTER\"><span style=\"color: #ffffff;\">\u2026 <b>7,- (30%)<\/b><\/span><\/p>\n<\/td>\n<\/tr>\n<\/tbody>\n<\/table>\n<p style=\"margin-bottom: 0cm; line-height: 150%;\" align=\"LEFT\">\n<p><span style=\"text-decoration: underline; color: #ffffff;\"><strong>Kde je koup\u00edte? V sou\u010dasn\u00e9 dob\u011b se v\u00e1m nab\u00edz\u00ed n\u011bkolik mo\u017enost\u00ed:<\/strong><\/span><\/p>\n<p>&#8211; Pro Va\u0161e maxim\u00e1ln\u00ed pohodl\u00ed a snadnou dostupnost jsou kalend\u00e1\u0159e prod\u00e1v\u00e1ny v Modelov\u00e9m sv\u011bt\u011b v Brn\u011b.<\/p>\n<p>&#8211; Plak\u00e1ty si m\u016f\u017eete zakoupit i v muzeu \u010cD v Lu\u017en\u00e9 u Rakovn\u00edku.<\/p>\n<p>&#8211; Elektronicky na m\u00fdch webov\u00fdch str\u00e1nk\u00e1ch v sekci \u201eE-Shop\u201c. Zde si tak\u00e9 m\u016f\u017ee ka\u017ed\u00fd z\u00e1jemce prostudovat provozn\u00ed a n\u00e1kupn\u00ed \u0159\u00e1d. Je to opravdu snadn\u00e9.\u00a0V p\u0159\u00edpad\u011b nefunk\u010dnosti E-shopu mne pros\u00edm kontaktujte p\u0159es e-mailovou schr\u00e1nku ulrichz@seznam.cz.<\/p>\n<p>&#8211; Osobn\u00ed telefonickou objedn\u00e1vkou na \u010d\u00edslo 776311078.<\/p>\n","protected":false},"excerpt":{"rendered":"<p>V\u00e1\u017een\u00ed obchodn\u00ed partne\u0159i a p\u0159\u00edznivci \u017eelezni\u010dn\u00ed techniky, v roce 2015 prob\u011bhlo vyd\u00e1n\u00ed vybran\u00fdch druh\u016f plak\u00e1t\u016f, kter\u00e9 zachycuj\u00ed \u017eivou atmosf\u00e9ru na &hellip; <a href=\"https:\/\/www.czechtrains.cz\/?page_id=660\" class=\"more-link\"><span class=\"more-button\">Continue Reading<span class=\"screen-reader-text\">Plak\u00e1ty<\/span><\/span><\/a><\/p>\n","protected":false},"author":2,"featured_media":0,"parent":656,"menu_order":3,"comment_status":"closed","ping_status":"closed","template":"","meta":{"footnotes":""},"class_list":["post-660","page","type-page","status-publish","hentry"],"_links":{"self":[{"href":"https:\/\/www.czechtrains.cz\/index.php?rest_route=\/wp\/v2\/pages\/660","targetHints":{"allow":["GET"]}}],"collection":[{"href":"https:\/\/www.czechtrains.cz\/index.php?rest_route=\/wp\/v2\/pages"}],"about":[{"href":"https:\/\/www.czechtrains.cz\/index.php?rest_route=\/wp\/v2\/types\/page"}],"author":[{"embeddable":true,"href":"https:\/\/www.czechtrains.cz\/index.php?rest_route=\/wp\/v2\/users\/2"}],"replies":[{"embeddable":true,"href":"https:\/\/www.czechtrains.cz\/index.php?rest_route=%2Fwp%2Fv2%2Fcomments&post=660"}],"version-history":[{"count":16,"href":"https:\/\/www.czechtrains.cz\/index.php?rest_route=\/wp\/v2\/pages\/660\/revisions"}],"predecessor-version":[{"id":2778,"href":"https:\/\/www.czechtrains.cz\/index.php?rest_route=\/wp\/v2\/pages\/660\/revisions\/2778"}],"up":[{"embeddable":true,"href":"https:\/\/www.czechtrains.cz\/index.php?rest_route=\/wp\/v2\/pages\/656"}],"wp:attachment":[{"href":"https:\/\/www.czechtrains.cz\/index.php?rest_route=%2Fwp%2Fv2%2Fmedia&parent=660"}],"curies":[{"name":"wp","href":"https:\/\/api.w.org\/{rel}","templated":true}]}}