{"id":1625,"date":"2020-10-08T23:25:13","date_gmt":"2020-10-08T21:25:13","guid":{"rendered":"http:\/\/www.czechtrains.cz\/?post_type=product&#038;p=1625"},"modified":"2026-01-16T12:24:59","modified_gmt":"2026-01-16T10:24:59","slug":"kalendar-nastenny_parni-trakce","status":"publish","type":"product","link":"https:\/\/www.czechtrains.cz\/?product=kalendar-nastenny_parni-trakce","title":{"rendered":"Kalend\u00e1\u0159 n\u00e1st\u011bnn\u00fd &#8222;Parn\u00ed trakce&#8220; 2026 \/vertik\u00e1ln\u00ed\/"},"content":{"rendered":"<ol>\n<li><b>14 list\u016f, form\u00e1t 320&#215;480 mm na v\u00fd\u0161ku<br \/>\n<\/b><\/li>\n<li><b>m\u011bs\u00edce v \u010de\u0161tin\u011b a sloven\u0161tin\u011b + EN, DE, SP, FR, PL<\/b><\/li>\n<li><b>dny v t\u00fddnu v \u010de\u0161tin\u011b a sloven\u0161tin\u011b + EN, DE, PL<\/b><\/li>\n<li><b>vyzna\u010den\u00ed sv\u00e1tk\u016f v \u010cR + SR, A, DE, PL<\/b><\/li>\n<li><b>firemn\u00ed dotisk na karton 320&#215;580 mm<\/b><\/li>\n<\/ol>\n","protected":false},"excerpt":{"rendered":"<p>14 list\u016f, form\u00e1t 320&#215;480 mm na v\u00fd\u0161ku m\u011bs\u00edce v \u010de\u0161tin\u011b a sloven\u0161tin\u011b + EN, DE, SP, FR, PL dny v &hellip; <a href=\"https:\/\/www.czechtrains.cz\/?product=kalendar-nastenny_parni-trakce\" class=\"more-link\"><span class=\"more-button\">Continue Reading<span class=\"screen-reader-text\">Kalend\u00e1\u0159 n\u00e1st\u011bnn\u00fd &#8222;Parn\u00ed trakce&#8220; 2026 \/vertik\u00e1ln\u00ed\/<\/span><\/span><\/a><\/p>\n","protected":false},"featured_media":11680,"template":"","meta":[],"product_brand":[],"product_cat":[26],"product_tag":[],"class_list":{"0":"post-1625","1":"product","2":"type-product","3":"status-publish","4":"has-post-thumbnail","6":"product_cat-nezarazene","8":"first","9":"outofstock","10":"shipping-taxable","11":"purchasable","12":"product-type-simple"},"_links":{"self":[{"href":"https:\/\/www.czechtrains.cz\/index.php?rest_route=\/wp\/v2\/product\/1625","targetHints":{"allow":["GET"]}}],"collection":[{"href":"https:\/\/www.czechtrains.cz\/index.php?rest_route=\/wp\/v2\/product"}],"about":[{"href":"https:\/\/www.czechtrains.cz\/index.php?rest_route=\/wp\/v2\/types\/product"}],"wp:featuredmedia":[{"embeddable":true,"href":"https:\/\/www.czechtrains.cz\/index.php?rest_route=\/wp\/v2\/media\/11680"}],"wp:attachment":[{"href":"https:\/\/www.czechtrains.cz\/index.php?rest_route=%2Fwp%2Fv2%2Fmedia&parent=1625"}],"wp:term":[{"taxonomy":"product_brand","embeddable":true,"href":"https:\/\/www.czechtrains.cz\/index.php?rest_route=%2Fwp%2Fv2%2Fproduct_brand&post=1625"},{"taxonomy":"product_cat","embeddable":true,"href":"https:\/\/www.czechtrains.cz\/index.php?rest_route=%2Fwp%2Fv2%2Fproduct_cat&post=1625"},{"taxonomy":"product_tag","embeddable":true,"href":"https:\/\/www.czechtrains.cz\/index.php?rest_route=%2Fwp%2Fv2%2Fproduct_tag&post=1625"}],"curies":[{"name":"wp","href":"https:\/\/api.w.org\/{rel}","templated":true}]}}