{"id":1629,"date":"2020-10-08T23:28:21","date_gmt":"2020-10-08T21:28:21","guid":{"rendered":"http:\/\/www.czechtrains.cz\/?post_type=product&#038;p=1629"},"modified":"2025-09-10T11:22:36","modified_gmt":"2025-09-10T09:22:36","slug":"diar-mesicni_kapesni","status":"publish","type":"product","link":"https:\/\/www.czechtrains.cz\/?product=diar-mesicni_kapesni","title":{"rendered":"Di\u00e1\u0159 t\u00fddenn\u00ed \/kapesn\u00ed\/ 2026"},"content":{"rendered":"<ol>\n<li><b>68 list\u016f s form\u00e1tem 148&#215;105 mm na v\u00fd\u0161ku, se z\u00e1lo\u017ekou<\/b><\/li>\n<li><b>v\u00edcejazy\u010dn\u00e9 ozna\u010den\u00ed dn\u016f i m\u011bs\u00edc\u016f CZ\/SK\/EN\/D<\/b><\/li>\n<li><b>z\u00e1kladn\u00ed jmenn\u00fd seznam CZ<\/b><\/li>\n<li><b>sv\u00e1tky CZ, info o znamen\u00ed zv\u011brokruhu CZ s jejich vstupy<\/b><\/li>\n<li><b>ro\u010dn\u00ed, m\u011bs\u00ed\u010dn\u00ed a t\u00fddenn\u00ed kalend\u00e1rium pro v\u0161echny podrobn\u00e9 pozn\u00e1mky<\/b><\/li>\n<li><b>\u00faprava tituln\u00ed dvojstr\u00e1nky lamino\/lesk pro zv\u00fd\u0161en\u00ed \u017eivotnosti<\/b><\/li>\n<li><b>\u010d\u00edslo dne od za\u010d\u00e1tku\/do konce, v\u00fdchod\/z\u00e1pad slunce\/m\u011bs\u00edce, f\u00e1ze m\u011bs\u00edce<\/b><\/li>\n<li><b>nadstandardn\u00ed po\u010det celostr\u00e1nkov\u00fdch fotografi\u00ed a jednoduch\u00e1 grafika<\/b><\/li>\n<li><b>bezkonkuren\u010dn\u00ed optim\u00e1ln\u011b slad\u011bn\u00e1 cena (pom\u011br cena\/v\u00fdkon)<\/b><\/li>\n<\/ol>\n","protected":false},"excerpt":{"rendered":"<p>68 list\u016f s form\u00e1tem 148&#215;105 mm na v\u00fd\u0161ku, se z\u00e1lo\u017ekou v\u00edcejazy\u010dn\u00e9 ozna\u010den\u00ed dn\u016f i m\u011bs\u00edc\u016f CZ\/SK\/EN\/D z\u00e1kladn\u00ed jmenn\u00fd seznam CZ &hellip; <a href=\"https:\/\/www.czechtrains.cz\/?product=diar-mesicni_kapesni\" class=\"more-link\"><span class=\"more-button\">Continue Reading<span class=\"screen-reader-text\">Di\u00e1\u0159 t\u00fddenn\u00ed \/kapesn\u00ed\/ 2026<\/span><\/span><\/a><\/p>\n","protected":false},"featured_media":11653,"template":"","meta":[],"product_brand":[],"product_cat":[26],"product_tag":[],"class_list":{"0":"post-1629","1":"product","2":"type-product","3":"status-publish","4":"has-post-thumbnail","6":"product_cat-nezarazene","8":"first","9":"instock","10":"shipping-taxable","11":"purchasable","12":"product-type-simple"},"_links":{"self":[{"href":"https:\/\/www.czechtrains.cz\/index.php?rest_route=\/wp\/v2\/product\/1629","targetHints":{"allow":["GET"]}}],"collection":[{"href":"https:\/\/www.czechtrains.cz\/index.php?rest_route=\/wp\/v2\/product"}],"about":[{"href":"https:\/\/www.czechtrains.cz\/index.php?rest_route=\/wp\/v2\/types\/product"}],"wp:featuredmedia":[{"embeddable":true,"href":"https:\/\/www.czechtrains.cz\/index.php?rest_route=\/wp\/v2\/media\/11653"}],"wp:attachment":[{"href":"https:\/\/www.czechtrains.cz\/index.php?rest_route=%2Fwp%2Fv2%2Fmedia&parent=1629"}],"wp:term":[{"taxonomy":"product_brand","embeddable":true,"href":"https:\/\/www.czechtrains.cz\/index.php?rest_route=%2Fwp%2Fv2%2Fproduct_brand&post=1629"},{"taxonomy":"product_cat","embeddable":true,"href":"https:\/\/www.czechtrains.cz\/index.php?rest_route=%2Fwp%2Fv2%2Fproduct_cat&post=1629"},{"taxonomy":"product_tag","embeddable":true,"href":"https:\/\/www.czechtrains.cz\/index.php?rest_route=%2Fwp%2Fv2%2Fproduct_tag&post=1629"}],"curies":[{"name":"wp","href":"https:\/\/api.w.org\/{rel}","templated":true}]}}