{"id":2320,"date":"2021-10-21T11:52:23","date_gmt":"2021-10-21T09:52:23","guid":{"rendered":"http:\/\/www.czechtrains.cz\/?post_type=product&#038;p=2320"},"modified":"2025-09-10T11:22:12","modified_gmt":"2025-09-10T09:22:12","slug":"kalendar-nastenny_horizontalni-vsechny-trakce","status":"publish","type":"product","link":"https:\/\/www.czechtrains.cz\/?product=kalendar-nastenny_horizontalni-vsechny-trakce","title":{"rendered":"Kalend\u00e1\u0159 n\u00e1st\u011bnn\u00fd FS\u010cR 2026 (v\u0161echny trakce) \/horizont\u00e1ln\u00ed\/"},"content":{"rendered":"<ol>\n<li><b>14 list\u016f, form\u00e1t 480&#215;320 mm na \u0161\u00ed\u0159ku<br \/>\n<\/b><\/li>\n<li><b>jednoduch\u00e9 kalend\u00e1rium se sv\u00e1tky \u010cR<br \/>\n<\/b><\/li>\n<li>krou\u017ekov\u00e1 vazba s h\u00e1\u010dkem<\/li>\n<\/ol>\n","protected":false},"excerpt":{"rendered":"<p>14 list\u016f, form\u00e1t 480&#215;320 mm na \u0161\u00ed\u0159ku jednoduch\u00e9 kalend\u00e1rium se sv\u00e1tky \u010cR krou\u017ekov\u00e1 vazba s h\u00e1\u010dkem<\/p>\n","protected":false},"featured_media":11735,"template":"","meta":[],"product_brand":[],"product_cat":[26],"product_tag":[],"class_list":{"0":"post-2320","1":"product","2":"type-product","3":"status-publish","4":"has-post-thumbnail","6":"product_cat-nezarazene","8":"first","9":"instock","10":"shipping-taxable","11":"purchasable","12":"product-type-simple"},"_links":{"self":[{"href":"https:\/\/www.czechtrains.cz\/index.php?rest_route=\/wp\/v2\/product\/2320","targetHints":{"allow":["GET"]}}],"collection":[{"href":"https:\/\/www.czechtrains.cz\/index.php?rest_route=\/wp\/v2\/product"}],"about":[{"href":"https:\/\/www.czechtrains.cz\/index.php?rest_route=\/wp\/v2\/types\/product"}],"wp:featuredmedia":[{"embeddable":true,"href":"https:\/\/www.czechtrains.cz\/index.php?rest_route=\/wp\/v2\/media\/11735"}],"wp:attachment":[{"href":"https:\/\/www.czechtrains.cz\/index.php?rest_route=%2Fwp%2Fv2%2Fmedia&parent=2320"}],"wp:term":[{"taxonomy":"product_brand","embeddable":true,"href":"https:\/\/www.czechtrains.cz\/index.php?rest_route=%2Fwp%2Fv2%2Fproduct_brand&post=2320"},{"taxonomy":"product_cat","embeddable":true,"href":"https:\/\/www.czechtrains.cz\/index.php?rest_route=%2Fwp%2Fv2%2Fproduct_cat&post=2320"},{"taxonomy":"product_tag","embeddable":true,"href":"https:\/\/www.czechtrains.cz\/index.php?rest_route=%2Fwp%2Fv2%2Fproduct_tag&post=2320"}],"curies":[{"name":"wp","href":"https:\/\/api.w.org\/{rel}","templated":true}]}}