{"id":2769,"date":"2022-09-20T17:11:06","date_gmt":"2022-09-20T15:11:06","guid":{"rendered":"http:\/\/www.czechtrains.cz\/?post_type=product&#038;p=2769"},"modified":"2025-09-10T11:21:31","modified_gmt":"2025-09-10T09:21:31","slug":"kalendar-nastenny_horizontalni-vsechny-trakce-kopirovat","status":"publish","type":"product","link":"https:\/\/www.czechtrains.cz\/?product=kalendar-nastenny_horizontalni-vsechny-trakce-kopirovat","title":{"rendered":"Kalend\u00e1\u0159 n\u00e1st\u011bnn\u00fd &#8222;BARDOTKY &#038; BREJLOVCI&#8220; 2026 \/horizont\u00e1ln\u00ed\/"},"content":{"rendered":"<ol>\n<li><b>14 list\u016f, form\u00e1t 480&#215;320 mm na \u0161\u00ed\u0159ku<br \/>\n<\/b><\/li>\n<li><b>jednoduch\u00e9 kalend\u00e1rium se sv\u00e1tky \u010cR<br \/>\n<\/b><\/li>\n<li>krou\u017ekov\u00e1 vazba s h\u00e1\u010dkem<\/li>\n<\/ol>\n","protected":false},"excerpt":{"rendered":"<p>14 list\u016f, form\u00e1t 480&#215;320 mm na \u0161\u00ed\u0159ku jednoduch\u00e9 kalend\u00e1rium se sv\u00e1tky \u010cR krou\u017ekov\u00e1 vazba s h\u00e1\u010dkem<\/p>\n","protected":false},"featured_media":11693,"template":"","meta":[],"product_brand":[],"product_cat":[26],"product_tag":[],"class_list":{"0":"post-2769","1":"product","2":"type-product","3":"status-publish","4":"has-post-thumbnail","6":"product_cat-nezarazene","8":"first","9":"instock","10":"shipping-taxable","11":"purchasable","12":"product-type-simple"},"_links":{"self":[{"href":"https:\/\/www.czechtrains.cz\/index.php?rest_route=\/wp\/v2\/product\/2769","targetHints":{"allow":["GET"]}}],"collection":[{"href":"https:\/\/www.czechtrains.cz\/index.php?rest_route=\/wp\/v2\/product"}],"about":[{"href":"https:\/\/www.czechtrains.cz\/index.php?rest_route=\/wp\/v2\/types\/product"}],"wp:featuredmedia":[{"embeddable":true,"href":"https:\/\/www.czechtrains.cz\/index.php?rest_route=\/wp\/v2\/media\/11693"}],"wp:attachment":[{"href":"https:\/\/www.czechtrains.cz\/index.php?rest_route=%2Fwp%2Fv2%2Fmedia&parent=2769"}],"wp:term":[{"taxonomy":"product_brand","embeddable":true,"href":"https:\/\/www.czechtrains.cz\/index.php?rest_route=%2Fwp%2Fv2%2Fproduct_brand&post=2769"},{"taxonomy":"product_cat","embeddable":true,"href":"https:\/\/www.czechtrains.cz\/index.php?rest_route=%2Fwp%2Fv2%2Fproduct_cat&post=2769"},{"taxonomy":"product_tag","embeddable":true,"href":"https:\/\/www.czechtrains.cz\/index.php?rest_route=%2Fwp%2Fv2%2Fproduct_tag&post=2769"}],"curies":[{"name":"wp","href":"https:\/\/api.w.org\/{rel}","templated":true}]}}